{"id":21653,"date":"2025-02-17T23:04:41","date_gmt":"2025-02-17T22:04:41","guid":{"rendered":"https:\/\/langteamrace.pl\/?page_id=21653"},"modified":"2026-04-17T09:34:37","modified_gmt":"2026-04-17T07:34:37","slug":"arlamow-2026","status":"publish","type":"page","link":"https:\/\/langteamrace.pl\/en\/arlamow-2026\/","title":{"rendered":"Ar\u0142am\u00f3w 2026"},"content":{"rendered":"\t\t<div data-elementor-type=\"wp-page\" data-elementor-id=\"21653\" class=\"elementor elementor-21653 elementor-21476\" data-elementor-post-type=\"page\">\n\t\t\t\t\t\t<section class=\"elementor-section elementor-top-section elementor-element elementor-element-d90c447 elementor-section-full_width elementor-section-height-default elementor-section-height-default\" data-id=\"d90c447\" data-element_type=\"section\" data-e-type=\"section\" data-settings=\"{&quot;background_background&quot;:&quot;gradient&quot;}\">\n\t\t\t\t\t\t<div class=\"elementor-container elementor-column-gap-default\">\n\t\t\t\t\t<div class=\"elementor-column elementor-col-100 elementor-top-column elementor-element elementor-element-49aaeb1\" data-id=\"49aaeb1\" data-element_type=\"column\" data-e-type=\"column\">\n\t\t\t<div class=\"elementor-widget-wrap elementor-element-populated\">\n\t\t\t\t\t\t<div class=\"elementor-element elementor-element-65ba0be elementor-widget elementor-widget-image-carousel\" data-id=\"65ba0be\" data-element_type=\"widget\" data-e-type=\"widget\" data-settings=\"{&quot;slides_to_show&quot;:&quot;3&quot;,&quot;slides_to_scroll&quot;:&quot;1&quot;,&quot;navigation&quot;:&quot;none&quot;,&quot;autoplay_speed&quot;:2000,&quot;slides_to_show_tablet&quot;:&quot;2&quot;,&quot;slides_to_show_mobile&quot;:&quot;1&quot;,&quot;autoplay&quot;:&quot;yes&quot;,&quot;pause_on_hover&quot;:&quot;yes&quot;,&quot;pause_on_interaction&quot;:&quot;yes&quot;,&quot;infinite&quot;:&quot;yes&quot;,&quot;speed&quot;:500}\" data-widget_type=\"image-carousel.default\">\n\t\t\t\t<div class=\"elementor-widget-container\">\n\t\t\t\t\t\t\t<div class=\"elementor-image-carousel-wrapper swiper\" role=\"region\" aria-roledescription=\"carousel\" aria-label=\"Karuzela obrazk\u00f3w\" dir=\"ltr\">\n\t\t\t<div class=\"elementor-image-carousel swiper-wrapper\" aria-live=\"off\">\n\t\t\t\t\t\t\t\t<div class=\"swiper-slide\" role=\"group\" aria-roledescription=\"slide\" aria-label=\"1 of 5\"><figure class=\"swiper-slide-inner\"><img decoding=\"async\" class=\"swiper-slide-image\" src=\"https:\/\/langteamrace.pl\/wp-content\/uploads\/2023\/12\/arlamow-slide-4-1.jpg\" alt=\"arlamow-slide-4.jpg\" \/><\/figure><\/div><div class=\"swiper-slide\" role=\"group\" aria-roledescription=\"slide\" aria-label=\"2 of 5\"><figure class=\"swiper-slide-inner\"><img decoding=\"async\" class=\"swiper-slide-image\" src=\"https:\/\/langteamrace.pl\/wp-content\/uploads\/2023\/12\/arlamow-slide-1.jpg\" alt=\"arlamow-slide-1.jpg\" \/><\/figure><\/div><div class=\"swiper-slide\" role=\"group\" aria-roledescription=\"slide\" aria-label=\"3 of 5\"><figure class=\"swiper-slide-inner\"><img decoding=\"async\" class=\"swiper-slide-image\" src=\"https:\/\/langteamrace.pl\/wp-content\/uploads\/2023\/12\/arlamow-slide-5-1.jpg\" alt=\"arlamow-slide-5.jpg\" \/><\/figure><\/div><div class=\"swiper-slide\" role=\"group\" aria-roledescription=\"slide\" aria-label=\"4 of 5\"><figure class=\"swiper-slide-inner\"><img decoding=\"async\" class=\"swiper-slide-image\" src=\"https:\/\/langteamrace.pl\/wp-content\/uploads\/2023\/12\/arlamow-slide-2.jpg\" alt=\"arlamow-slide-2.jpg\" \/><\/figure><\/div><div class=\"swiper-slide\" role=\"group\" aria-roledescription=\"slide\" aria-label=\"5 of 5\"><figure class=\"swiper-slide-inner\"><img decoding=\"async\" class=\"swiper-slide-image\" src=\"https:\/\/langteamrace.pl\/wp-content\/uploads\/2023\/12\/arlamow-slide-6-1.jpg\" alt=\"arlamow-slide-6.jpg\" \/><\/figure><\/div>\t\t\t<\/div>\n\t\t\t\t\t\t\t\n\t\t\t\t\t\t\t\t\t<\/div>\n\t\t\t\t\t\t<\/div>\n\t\t\t\t<\/div>\n\t\t\t\t\t<\/div>\n\t\t<\/div>\n\t\t\t\t\t<\/div>\n\t\t<\/section>\n\t\t\t\t<section class=\"elementor-section elementor-top-section elementor-element elementor-element-8519f10 elementor-section-boxed elementor-section-height-default elementor-section-height-default\" data-id=\"8519f10\" data-element_type=\"section\" data-e-type=\"section\">\n\t\t\t\t\t\t<div class=\"elementor-container elementor-column-gap-default\">\n\t\t\t\t\t<div class=\"elementor-column elementor-col-50 elementor-top-column elementor-element elementor-element-b0e0f08\" data-id=\"b0e0f08\" data-element_type=\"column\" data-e-type=\"column\">\n\t\t\t<div class=\"elementor-widget-wrap elementor-element-populated\">\n\t\t\t\t\t\t<div class=\"elementor-element elementor-element-4f7580e elementor-widget__width-auto elementor-widget elementor-widget-heading\" data-id=\"4f7580e\" data-element_type=\"widget\" data-e-type=\"widget\" data-widget_type=\"heading.default\">\n\t\t\t\t<div class=\"elementor-widget-container\">\n\t\t\t\t\t<h2 class=\"elementor-heading-title elementor-size-default\">Ar\u0142am\u00f3w<br>16.05.2026<\/h2>\t\t\t\t<\/div>\n\t\t\t\t<\/div>\n\t\t\t\t\t<\/div>\n\t\t<\/div>\n\t\t\t\t<div class=\"elementor-column elementor-col-50 elementor-top-column elementor-element elementor-element-41d0761\" data-id=\"41d0761\" data-element_type=\"column\" data-e-type=\"column\">\n\t\t\t<div class=\"elementor-widget-wrap elementor-element-populated\">\n\t\t\t\t\t\t<div class=\"elementor-element elementor-element-0de578e elementor-widget__width-auto elementor-widget elementor-widget-image\" data-id=\"0de578e\" data-element_type=\"widget\" data-e-type=\"widget\" data-widget_type=\"image.default\">\n\t\t\t\t<div class=\"elementor-widget-container\">\n\t\t\t\t\t\t\t\t\t\t\t\t\t\t\t\t<a href=\"https:\/\/www.arlamow.pl\/\" target=\"_blank\">\n\t\t\t\t\t\t\t<img fetchpriority=\"high\" decoding=\"async\" width=\"400\" height=\"200\" src=\"https:\/\/langteamrace.pl\/wp-content\/uploads\/2023\/03\/arlamow.jpg\" class=\"attachment-large size-large wp-image-16559\" alt=\"\" srcset=\"https:\/\/langteamrace.pl\/wp-content\/uploads\/2023\/03\/arlamow.jpg 400w, https:\/\/langteamrace.pl\/wp-content\/uploads\/2023\/03\/arlamow-300x150.jpg 300w\" sizes=\"(max-width: 400px) 100vw, 400px\" \/>\t\t\t\t\t\t\t\t<\/a>\n\t\t\t\t\t\t\t\t\t\t\t\t\t\t\t<\/div>\n\t\t\t\t<\/div>\n\t\t\t\t\t<\/div>\n\t\t<\/div>\n\t\t\t\t\t<\/div>\n\t\t<\/section>\n\t\t\t\t<section class=\"elementor-section elementor-top-section elementor-element elementor-element-bba1f0c elementor-section-boxed elementor-section-height-default elementor-section-height-default\" data-id=\"bba1f0c\" data-element_type=\"section\" data-e-type=\"section\">\n\t\t\t\t\t\t<div class=\"elementor-container elementor-column-gap-default\">\n\t\t\t\t\t<div class=\"elementor-column elementor-col-100 elementor-top-column elementor-element elementor-element-71b655e\" data-id=\"71b655e\" data-element_type=\"column\" data-e-type=\"column\">\n\t\t\t<div class=\"elementor-widget-wrap elementor-element-populated\">\n\t\t\t\t\t\t<div class=\"elementor-element elementor-element-77c9f5e elementor-align-left elementor-widget__width-auto elementor-hidden-desktop elementor-hidden-tablet elementor-hidden-mobile elementor-widget elementor-widget-button\" data-id=\"77c9f5e\" data-element_type=\"widget\" data-e-type=\"widget\" data-widget_type=\"button.default\">\n\t\t\t\t<div class=\"elementor-widget-container\">\n\t\t\t\t\t\t\t\t\t<div class=\"elementor-button-wrapper\">\n\t\t\t\t\t<a class=\"elementor-button elementor-button-link elementor-size-sm\" href=\"#\" target=\"_blank\">\n\t\t\t\t\t\t<span class=\"elementor-button-content-wrapper\">\n\t\t\t\t\t\t\t\t\t<span class=\"elementor-button-text\">Wyniki<\/span>\n\t\t\t\t\t<\/span>\n\t\t\t\t\t<\/a>\n\t\t\t\t<\/div>\n\t\t\t\t\t\t\t\t<\/div>\n\t\t\t\t<\/div>\n\t\t\t\t<div class=\"elementor-element elementor-element-50d535b elementor-align-left elementor-widget__width-auto elementor-widget elementor-widget-button\" data-id=\"50d535b\" data-element_type=\"widget\" data-e-type=\"widget\" data-widget_type=\"button.default\">\n\t\t\t\t<div class=\"elementor-widget-container\">\n\t\t\t\t\t\t\t\t\t<div class=\"elementor-button-wrapper\">\n\t\t\t\t\t<a class=\"elementor-button elementor-button-link elementor-size-sm\" href=\"https:\/\/go.decathlon.pl\/l\/0a63513d-6bf4-4772-b622-f1eb5bedef2e\" target=\"_blank\">\n\t\t\t\t\t\t<span class=\"elementor-button-content-wrapper\">\n\t\t\t\t\t\t\t\t\t<span class=\"elementor-button-text\">Sign up<\/span>\n\t\t\t\t\t<\/span>\n\t\t\t\t\t<\/a>\n\t\t\t\t<\/div>\n\t\t\t\t\t\t\t\t<\/div>\n\t\t\t\t<\/div>\n\t\t\t\t<div class=\"elementor-element elementor-element-5fea912 elementor-align-left elementor-widget__width-auto elementor-widget elementor-widget-button\" data-id=\"5fea912\" data-element_type=\"widget\" data-e-type=\"widget\" data-widget_type=\"button.default\">\n\t\t\t\t<div class=\"elementor-widget-container\">\n\t\t\t\t\t\t\t\t\t<div class=\"elementor-button-wrapper\">\n\t\t\t\t\t<a class=\"elementor-button elementor-button-link elementor-size-sm\" href=\"https:\/\/langteamrace.pl\/wp-content\/uploads\/2025\/12\/REGULAMIN_OLTR_OTdPA_2026_EN.pdf\" target=\"_blank\">\n\t\t\t\t\t\t<span class=\"elementor-button-content-wrapper\">\n\t\t\t\t\t\t\t\t\t<span class=\"elementor-button-text\">Regulations<\/span>\n\t\t\t\t\t<\/span>\n\t\t\t\t\t<\/a>\n\t\t\t\t<\/div>\n\t\t\t\t\t\t\t\t<\/div>\n\t\t\t\t<\/div>\n\t\t\t\t<div class=\"elementor-element elementor-element-b546dae elementor-align-left elementor-widget__width-auto elementor-widget elementor-widget-button\" data-id=\"b546dae\" data-element_type=\"widget\" data-e-type=\"widget\" data-widget_type=\"button.default\">\n\t\t\t\t<div class=\"elementor-widget-container\">\n\t\t\t\t\t\t\t\t\t<div class=\"elementor-button-wrapper\">\n\t\t\t\t\t<a class=\"elementor-button elementor-button-link elementor-size-sm\" href=\"https:\/\/langteamrace.pl\/wp-content\/uploads\/2025\/12\/OSWIADCZENIE_OLTR_OTdPA_2026_EN.pdf\" target=\"_blank\">\n\t\t\t\t\t\t<span class=\"elementor-button-content-wrapper\">\n\t\t\t\t\t\t\t\t\t<span class=\"elementor-button-text\">Representative declaration<\/span>\n\t\t\t\t\t<\/span>\n\t\t\t\t\t<\/a>\n\t\t\t\t<\/div>\n\t\t\t\t\t\t\t\t<\/div>\n\t\t\t\t<\/div>\n\t\t\t\t\t<\/div>\n\t\t<\/div>\n\t\t\t\t\t<\/div>\n\t\t<\/section>\n\t\t\t\t<section class=\"elementor-section elementor-top-section elementor-element elementor-element-de3ca34 elementor-section-boxed elementor-section-height-default elementor-section-height-default\" data-id=\"de3ca34\" data-element_type=\"section\" data-e-type=\"section\" data-settings=\"{&quot;background_background&quot;:&quot;classic&quot;}\">\n\t\t\t\t\t\t<div class=\"elementor-container elementor-column-gap-default\">\n\t\t\t\t\t<div class=\"elementor-column elementor-col-50 elementor-top-column elementor-element elementor-element-9717062\" data-id=\"9717062\" data-element_type=\"column\" data-e-type=\"column\">\n\t\t\t<div class=\"elementor-widget-wrap elementor-element-populated\">\n\t\t\t\t\t\t<div class=\"elementor-element elementor-element-255396d elementor-widget elementor-widget-heading\" data-id=\"255396d\" data-element_type=\"widget\" data-e-type=\"widget\" data-widget_type=\"heading.default\">\n\t\t\t\t<div class=\"elementor-widget-container\">\n\t\t\t\t\t<h2 class=\"elementor-heading-title elementor-size-default\">Program<\/h2>\t\t\t\t<\/div>\n\t\t\t\t<\/div>\n\t\t\t\t\t<\/div>\n\t\t<\/div>\n\t\t\t\t<div class=\"elementor-column elementor-col-50 elementor-top-column elementor-element elementor-element-094b957\" data-id=\"094b957\" data-element_type=\"column\" data-e-type=\"column\">\n\t\t\t<div class=\"elementor-widget-wrap elementor-element-populated\">\n\t\t\t\t\t\t<div class=\"elementor-element elementor-element-6c5e448 elementor-widget__width-initial elementor-widget elementor-widget-text-editor\" data-id=\"6c5e448\" data-element_type=\"widget\" data-e-type=\"widget\" data-widget_type=\"text-editor.default\">\n\t\t\t\t<div class=\"elementor-widget-container\">\n\t\t\t\t\t\t\t\t\t<p><strong>ORLEN Lang Team Race &#8211; Hotel AR\u0141AM\u00d3W<br><\/strong>Ar\u0142am\u00f3w 1, 38-700, Ustrzyki Dolne<\/p>\n<p><strong>15.05.2026, Friday<\/strong><\/p>\n<p>15:00 \u2013 20:00 \u2013 race office, collection of starting numbers<\/p>\n<p><strong>16.05.2026, Saturday<\/strong><\/p>\n<p style=\"font-weight: 400;\">08:00 \u2013 10:30 \u2013 race office, collection of starting numbers<br>11:00 \u2013 start<br>15:00 \u2013 route closure<br>15:00 \u2013 decoration of the winners<\/p>\t\t\t\t\t\t\t\t<\/div>\n\t\t\t\t<\/div>\n\t\t\t\t\t<\/div>\n\t\t<\/div>\n\t\t\t\t\t<\/div>\n\t\t<\/section>\n\t\t\t\t<section class=\"elementor-section elementor-top-section elementor-element elementor-element-f49b8ea elementor-section-boxed elementor-section-height-default elementor-section-height-default\" data-id=\"f49b8ea\" data-element_type=\"section\" data-e-type=\"section\">\n\t\t\t\t\t\t<div class=\"elementor-container elementor-column-gap-default\">\n\t\t\t\t\t<div class=\"elementor-column elementor-col-50 elementor-top-column elementor-element elementor-element-bf7457c\" data-id=\"bf7457c\" data-element_type=\"column\" data-e-type=\"column\">\n\t\t\t<div class=\"elementor-widget-wrap elementor-element-populated\">\n\t\t\t\t\t\t<div class=\"elementor-element elementor-element-1dd13aa elementor-widget elementor-widget-heading\" data-id=\"1dd13aa\" data-element_type=\"widget\" data-e-type=\"widget\" data-widget_type=\"heading.default\">\n\t\t\t\t<div class=\"elementor-widget-container\">\n\t\t\t\t\t<h2 class=\"elementor-heading-title elementor-size-default\">Maps<\/h2>\t\t\t\t<\/div>\n\t\t\t\t<\/div>\n\t\t\t\t\t<\/div>\n\t\t<\/div>\n\t\t\t\t<div class=\"elementor-column elementor-col-50 elementor-top-column elementor-element elementor-element-b9fe983\" data-id=\"b9fe983\" data-element_type=\"column\" data-e-type=\"column\">\n\t\t\t<div class=\"elementor-widget-wrap elementor-element-populated\">\n\t\t\t\t\t\t<div class=\"elementor-element elementor-element-17a3a96 elementor-widget elementor-widget-accordion\" data-id=\"17a3a96\" data-element_type=\"widget\" data-e-type=\"widget\" data-widget_type=\"accordion.default\">\n\t\t\t\t<div class=\"elementor-widget-container\">\n\t\t\t\t\t\t\t<div class=\"elementor-accordion\">\n\t\t\t\t\t\t\t<div class=\"elementor-accordion-item\">\n\t\t\t\t\t<div id=\"elementor-tab-title-2471\" class=\"elementor-tab-title\" data-tab=\"1\" role=\"button\" aria-controls=\"elementor-tab-content-2471\" aria-expanded=\"false\">\n\t\t\t\t\t\t\t\t\t\t\t\t<a class=\"elementor-accordion-title\" tabindex=\"0\">Fake 1<\/a>\n\t\t\t\t\t<\/div>\n\t\t\t\t\t<div id=\"elementor-tab-content-2471\" class=\"elementor-tab-content elementor-clearfix\" data-tab=\"1\" role=\"region\" aria-labelledby=\"elementor-tab-title-2471\"><\/div>\n\t\t\t\t<\/div>\n\t\t\t\t\t\t\t<div class=\"elementor-accordion-item\">\n\t\t\t\t\t<div id=\"elementor-tab-title-2472\" class=\"elementor-tab-title\" data-tab=\"2\" role=\"button\" aria-controls=\"elementor-tab-content-2472\" aria-expanded=\"false\">\n\t\t\t\t\t\t\t\t\t\t\t\t<a class=\"elementor-accordion-title\" tabindex=\"0\">Map<\/a>\n\t\t\t\t\t<\/div>\n\t\t\t\t\t<div id=\"elementor-tab-content-2472\" class=\"elementor-tab-content elementor-clearfix\" data-tab=\"2\" role=\"region\" aria-labelledby=\"elementor-tab-title-2472\"><p><a href=\"https:\/\/langteamrace.pl\/wp-content\/uploads\/2025\/12\/OLTR_ARLAMOW_2026_MAPA.png\"><img decoding=\"async\" class=\"alignnone size-full wp-image-23158\" src=\"https:\/\/langteamrace.pl\/wp-content\/uploads\/2025\/12\/OLTR_ARLAMOW_2026_MAPA.png\" alt=\"\" width=\"2008\" height=\"2078\" srcset=\"https:\/\/langteamrace.pl\/wp-content\/uploads\/2025\/12\/OLTR_ARLAMOW_2026_MAPA.png 2008w, https:\/\/langteamrace.pl\/wp-content\/uploads\/2025\/12\/OLTR_ARLAMOW_2026_MAPA-290x300.png 290w, https:\/\/langteamrace.pl\/wp-content\/uploads\/2025\/12\/OLTR_ARLAMOW_2026_MAPA-990x1024.png 990w, https:\/\/langteamrace.pl\/wp-content\/uploads\/2025\/12\/OLTR_ARLAMOW_2026_MAPA-768x795.png 768w, https:\/\/langteamrace.pl\/wp-content\/uploads\/2025\/12\/OLTR_ARLAMOW_2026_MAPA-1484x1536.png 1484w, https:\/\/langteamrace.pl\/wp-content\/uploads\/2025\/12\/OLTR_ARLAMOW_2026_MAPA-1979x2048.png 1979w\" sizes=\"(max-width: 2008px) 100vw, 2008px\" \/><\/a><\/p><\/div>\n\t\t\t\t<\/div>\n\t\t\t\t\t\t\t<div class=\"elementor-accordion-item\">\n\t\t\t\t\t<div id=\"elementor-tab-title-2473\" class=\"elementor-tab-title\" data-tab=\"3\" role=\"button\" aria-controls=\"elementor-tab-content-2473\" aria-expanded=\"false\">\n\t\t\t\t\t\t\t\t\t\t\t\t<a class=\"elementor-accordion-title\" tabindex=\"0\">Profile<\/a>\n\t\t\t\t\t<\/div>\n\t\t\t\t\t<div id=\"elementor-tab-content-2473\" class=\"elementor-tab-content elementor-clearfix\" data-tab=\"3\" role=\"region\" aria-labelledby=\"elementor-tab-title-2473\"><p><a href=\"https:\/\/langteamrace.pl\/wp-content\/uploads\/2025\/12\/OLTR_ARLAMOW_2026_PROFIL.jpg\"><img decoding=\"async\" class=\"alignnone size-full wp-image-23157\" src=\"https:\/\/langteamrace.pl\/wp-content\/uploads\/2025\/12\/OLTR_ARLAMOW_2026_PROFIL.jpg\" alt=\"\" width=\"1298\" height=\"788\" srcset=\"https:\/\/langteamrace.pl\/wp-content\/uploads\/2025\/12\/OLTR_ARLAMOW_2026_PROFIL.jpg 1298w, https:\/\/langteamrace.pl\/wp-content\/uploads\/2025\/12\/OLTR_ARLAMOW_2026_PROFIL-300x182.jpg 300w, https:\/\/langteamrace.pl\/wp-content\/uploads\/2025\/12\/OLTR_ARLAMOW_2026_PROFIL-1024x622.jpg 1024w, https:\/\/langteamrace.pl\/wp-content\/uploads\/2025\/12\/OLTR_ARLAMOW_2026_PROFIL-768x466.jpg 768w\" sizes=\"(max-width: 1298px) 100vw, 1298px\" \/><\/a><\/p><\/div>\n\t\t\t\t<\/div>\n\t\t\t\t\t\t\t\t<\/div>\n\t\t\t\t\t\t<\/div>\n\t\t\t\t<\/div>\n\t\t\t\t<div class=\"elementor-element elementor-element-bc47b02 elementor-align-left elementor-widget elementor-widget-button\" data-id=\"bc47b02\" data-element_type=\"widget\" data-e-type=\"widget\" data-widget_type=\"button.default\">\n\t\t\t\t<div class=\"elementor-widget-container\">\n\t\t\t\t\t\t\t\t\t<div class=\"elementor-button-wrapper\">\n\t\t\t\t\t<a class=\"elementor-button elementor-button-link elementor-size-sm\" href=\"\/wp-content\/uploads\/gpx\/Arlamow-GPX-2026.gpx\">\n\t\t\t\t\t\t<span class=\"elementor-button-content-wrapper\">\n\t\t\t\t\t\t\t\t\t<span class=\"elementor-button-text\">GPX File<\/span>\n\t\t\t\t\t<\/span>\n\t\t\t\t\t<\/a>\n\t\t\t\t<\/div>\n\t\t\t\t\t\t\t\t<\/div>\n\t\t\t\t<\/div>\n\t\t\t\t\t<\/div>\n\t\t<\/div>\n\t\t\t\t\t<\/div>\n\t\t<\/section>\n\t\t\t\t<\/div>\n\t\t","protected":false},"excerpt":{"rendered":"<p>Ar\u0142am\u00f3w16.05.2026 Wyniki Sign up Regulations Representative declaration Program ORLEN Lang Team Race &#8211; Hotel AR\u0141AM\u00d3WAr\u0142am\u00f3w 1, 38-700, Ustrzyki Dolne 15.05.2026, Friday 15:00 \u2013 20:00 \u2013 race office, collection of starting numbers 16.05.2026, Saturday 08:00 \u2013 10:30 \u2013 race office, collection of starting numbers11:00 \u2013 start15:00 \u2013 route closure15:00 \u2013 decoration of the winners Maps Fake [&hellip;]<\/p>\n","protected":false},"author":1,"featured_media":0,"parent":0,"menu_order":0,"comment_status":"closed","ping_status":"closed","template":"","meta":{"_acf_changed":false,"footnotes":""},"class_list":["post-21653","page","type-page","status-publish","hentry"],"acf":[],"_links":{"self":[{"href":"https:\/\/langteamrace.pl\/en\/wp-json\/wp\/v2\/pages\/21653","targetHints":{"allow":["GET"]}}],"collection":[{"href":"https:\/\/langteamrace.pl\/en\/wp-json\/wp\/v2\/pages"}],"about":[{"href":"https:\/\/langteamrace.pl\/en\/wp-json\/wp\/v2\/types\/page"}],"author":[{"embeddable":true,"href":"https:\/\/langteamrace.pl\/en\/wp-json\/wp\/v2\/users\/1"}],"replies":[{"embeddable":true,"href":"https:\/\/langteamrace.pl\/en\/wp-json\/wp\/v2\/comments?post=21653"}],"version-history":[{"count":29,"href":"https:\/\/langteamrace.pl\/en\/wp-json\/wp\/v2\/pages\/21653\/revisions"}],"predecessor-version":[{"id":23377,"href":"https:\/\/langteamrace.pl\/en\/wp-json\/wp\/v2\/pages\/21653\/revisions\/23377"}],"wp:attachment":[{"href":"https:\/\/langteamrace.pl\/en\/wp-json\/wp\/v2\/media?parent=21653"}],"curies":[{"name":"wp","href":"https:\/\/api.w.org\/{rel}","templated":true}]}}